{"id":12923,"date":"2020-06-07T18:33:22","date_gmt":"2020-06-07T16:33:22","guid":{"rendered":"https:\/\/advaloris.be\/?page_id=12923"},"modified":"2023-03-31T12:57:08","modified_gmt":"2023-03-31T10:57:08","slug":"jobs","status":"publish","type":"page","link":"https:\/\/advaloris.be\/nl\/jobs\/","title":{"rendered":"Join our team"},"content":{"rendered":"<section class=\"wpb-content-wrapper\"><div class=\"vc_row wpb_row vc_row-fluid\"><div class=\"wpb_column vc_column_container vc_col-sm-12\"><div class=\"vc_column-inner\"><div class=\"wpb_wrapper\"><div class=\"vc_empty_space\"   style=\"height: 60px\"><span class=\"vc_empty_space_inner\"><\/span><\/div>\n\t<div class=\"wpb_text_column wpb_content_element\" >\n\t\t<div class=\"wpb_wrapper\">\n\t\t\t<p><a href=\"https:\/\/advaloris.be\/nl\/\"><img loading=\"lazy\" decoding=\"async\" class=\"aligncenter wp-image-20664 size-medium\" src=\"https:\/\/advaloris.be\/wp-content\/uploads\/2022\/08\/REDAdValoris-Logo-Blanc-xxl-copie-300x174.png\" alt=\"Ad Valoris logo red\" width=\"300\" height=\"174\" srcset=\"https:\/\/advaloris.be\/wp-content\/uploads\/2022\/08\/REDAdValoris-Logo-Blanc-xxl-copie-300x174.png 300w, https:\/\/advaloris.be\/wp-content\/uploads\/2022\/08\/REDAdValoris-Logo-Blanc-xxl-copie-600x348.png 600w, https:\/\/advaloris.be\/wp-content\/uploads\/2022\/08\/REDAdValoris-Logo-Blanc-xxl-copie-768x445.png 768w, https:\/\/advaloris.be\/wp-content\/uploads\/2022\/08\/REDAdValoris-Logo-Blanc-xxl-copie-1024x593.png 1024w, https:\/\/advaloris.be\/wp-content\/uploads\/2022\/08\/REDAdValoris-Logo-Blanc-xxl-copie-150x87.png 150w, https:\/\/advaloris.be\/wp-content\/uploads\/2022\/08\/REDAdValoris-Logo-Blanc-xxl-copie-350x203.png 350w, https:\/\/advaloris.be\/wp-content\/uploads\/2022\/08\/REDAdValoris-Logo-Blanc-xxl-copie-828x480.png 828w, https:\/\/advaloris.be\/wp-content\/uploads\/2022\/08\/REDAdValoris-Logo-Blanc-xxl-copie.png 2000w\" sizes=\"auto, (max-width: 300px) 100vw, 300px\" \/><\/a><\/p>\n\n\t\t<\/div>\n\t<\/div>\n<div class=\"vc_empty_space\"   style=\"height: 13px\"><span class=\"vc_empty_space_inner\"><\/span><\/div><div class=\"title-subtile-holder\"><h2 class=\"section-title\"><\/h2><div class=\"svg-border\"><svg width=\"515\" height=\"25\" viewbox=\"0 0 275 15\" fill=\"none\" xmlns=\"http:\/\/www.w3.org\/2000\/svg\">\n        <rect y=\"7\" width=\"120\" height=\"1\" fill=\"#CCCCCC\"\/>\n        <rect x=\"155\" y=\"7\" width=\"120\" height=\"1\" fill=\"#CCCCCC\"\/>\n        <path d=\"M144.443 14.6458C144.207 14.8818 143.897 15 143.588 15C143.278 15 142.968 14.8818 142.732 14.6454L137.874 9.78689C137.517 9.43023 137.43 8.90654 137.612 8.46798L136.617 7.47264L135.242 8.84723C135.517 9.2862 135.458 9.8809 135.066 10.2714C134.614 10.7245 133.888 10.7342 133.448 10.2936L130.324 7.17126C129.883 6.73028 129.893 6.00566 130.347 5.55298C130.738 5.16122 131.332 5.10231 131.771 5.37788L135.378 1.77014C135.102 1.33158 135.161 0.737682 135.553 0.346326C136.006 -0.10676 136.73 -0.116443 137.171 0.324136L140.295 3.44732C140.736 3.8879 140.726 4.61251 140.272 5.0656C139.88 5.45736 139.287 5.51586 138.849 5.2407L137.472 6.6169L138.59 7.73449C138.945 7.69334 139.314 7.80348 139.586 8.07622L144.444 12.9347C144.916 13.4071 144.916 14.1729 144.443 14.6458Z\" fill=\"#be263f\"\/>\n        <\/svg><\/div><div class=\"section-subtitle\">FAITES VISITER LES IMMEUBLES A VENDRE DANS VOTRE REGION<\/div><\/div><div class=\"vc_empty_space\"   style=\"height: 90px\"><span class=\"vc_empty_space_inner\"><\/span><\/div><div class=\"vc_separator wpb_content_element vc_separator_align_left vc_sep_width_100 vc_sep_pos_align_center vc_sep_color_grey vc_separator-has-text\" ><span class=\"vc_sep_holder vc_sep_holder_l\"><span class=\"vc_sep_line\"><\/span><\/span><h4>PROFIL DU CANDIDAT ID\u00c9AL<\/h4><span class=\"vc_sep_holder vc_sep_holder_r\"><span class=\"vc_sep_line\"><\/span><\/span>\n<\/div><div class=\"vc_empty_space\"   style=\"height: 40px\"><span class=\"vc_empty_space_inner\"><\/span><\/div><div class=\"vc_message_box vc_message_box-standard vc_message_box-rounded vc_color-white\" ><div class=\"vc_message_box-icon\"><i class=\"fas fa-graduation-cap\"><\/i><\/div><p>Vous \u00eates d\u00e9tenteur d&#8217;un <strong>Bachelier<\/strong> en droit, en sciences-\u00e9conomiques ou en immobilier.<\/p>\n<\/div><div class=\"vc_message_box vc_message_box-standard vc_message_box-rounded vc_color-white\" ><div class=\"vc_message_box-icon\"><i class=\"fa fa-gavel\"><\/i><\/div><p>Vous attestez d&#8217;une premi\u00e8re exp\u00e9rience au sein d&#8217;une<strong> \u00e9tude notariale<\/strong>, d&#8217;un cabinet d&#8217;avocats ou d&#8217;une agence immobili\u00e8re.<\/p>\n<\/div><div class=\"vc_message_box vc_message_box-standard vc_message_box-rounded vc_color-white\" ><div class=\"vc_message_box-icon\"><i class=\"fa fa-comments\"><\/i><\/div><p>Vous vous exprimez dans un <strong>fran\u00e7ais impeccable<\/strong>, tant \u00e0 l&#8217;oral qu&#8217;\u00e0 l&#8217;\u00e9crit. Un <strong>niveau B2 en n\u00e9erlandais<\/strong> est un plus.<\/p>\n<\/div><div class=\"vc_message_box vc_message_box-standard vc_message_box-rounded vc_color-white\" ><div class=\"vc_message_box-icon\"><i class=\"fas fa-user-tie\"><\/i><\/div><p>Vous \u00eates de\u00a0<strong>pr\u00e9sentation soign\u00e9e<\/strong>, et faites preuve d&#8217;une grande <strong>ponctualit\u00e9<\/strong>.<\/p>\n<\/div><div class=\"vc_message_box vc_message_box-standard vc_message_box-rounded vc_color-white\" ><div class=\"vc_message_box-icon\"><i class=\"fa fa-road\"><\/i><\/div><p>Vous disposez du <strong>permis de conduire B<\/strong> et d&#8217;un <strong>v\u00e9hicule personnel<\/strong>.<\/p>\n<\/div><div class=\"vc_empty_space\"   style=\"height: 40px\"><span class=\"vc_empty_space_inner\"><\/span><\/div><div class=\"vc_separator wpb_content_element vc_separator_align_left vc_sep_width_100 vc_sep_pos_align_center vc_sep_color_grey vc_separator-has-text\" ><span class=\"vc_sep_holder vc_sep_holder_l\"><span class=\"vc_sep_line\"><\/span><\/span><h4>CE QUE NOUS OFFRONS<\/h4><span class=\"vc_sep_holder vc_sep_holder_r\"><span class=\"vc_sep_line\"><\/span><\/span>\n<\/div><div class=\"vc_empty_space\"   style=\"height: 40px\"><span class=\"vc_empty_space_inner\"><\/span><\/div><div class=\"vc_message_box vc_message_box-standard vc_message_box-rounded vc_color-white\" ><div class=\"vc_message_box-icon\"><i class=\"fa fa-users\"><\/i><\/div><p>Vous rejoignez une \u00e9quipe dynamique couvrant toute la Wallonie et Bruxelles<\/p>\n<\/div><div class=\"vc_message_box vc_message_box-standard vc_message_box-rounded vc_color-white\" ><div class=\"vc_message_box-icon\"><i class=\"fa fa-desktop\"><\/i><\/div><p>Vous travaillez de chez vous gr\u00e2ce \u00e0 notre plateforme collaborative en ligne<\/p>\n<\/div><div class=\"vc_message_box vc_message_box-standard vc_message_box-rounded vc_color-white\" ><div class=\"vc_message_box-icon\"><i class=\"fa fa-line-chart\"><\/i><\/div><p>Vous modulez votre r\u00e9mun\u00e9ration selon le nombre de dossiers pris en charge<\/p>\n<\/div><div class=\"vc_message_box vc_message_box-standard vc_message_box-rounded vc_color-white\" ><div class=\"vc_message_box-icon\"><i class=\"fa fa-user-plus\"><\/i><\/div><p>Vous aiguisez votre savoir-faire gr\u00e2ce \u00e0 notre programme de formation interne<\/p>\n<\/div><div class=\"vc_message_box vc_message_box-standard vc_message_box-rounded vc_color-white\" ><div class=\"vc_message_box-icon\"><i class=\"fa fa-coffee\"><\/i><\/div><p>Vous b\u00e9n\u00e9ficiez d&#8217;un environnement de travail souple et d&#8217;une ambiance <em>&#8220;startup&#8221;<\/em><\/p>\n<\/div><\/div><\/div><\/div><\/div><div class=\"vc_row wpb_row vc_row-fluid\"><div class=\"wpb_column vc_column_container vc_col-sm-6\"><div class=\"vc_column-inner\"><div class=\"wpb_wrapper\"><div class=\"vc_message_box vc_message_box-standard vc_message_box-rounded vc_color-danger\" ><div class=\"vc_message_box-icon\"><i class=\"fas fa-exclamation-triangle\"><\/i><\/div><h4>VEILLEZ A INCLURE LES INFORMATIONS SUIVANTES DANS VOTRE CANDIDATURE:<\/h4>\n<p>&nbsp;<\/p>\n<ol>\n<li>Votre statut (<em>sans emploi, salari\u00e9.e temps plein\/temps partiel, ind\u00e9pendant.e<\/em>)<\/li>\n<li>Votre localisation (<em>domicile<\/em>)<\/li>\n<li>Votre disponibilit\u00e9 (<em>en semaine, le week-end<\/em>)<\/li>\n<li>Votre mobilit\u00e9 (<em>permis B, v\u00e9hicule personnel<\/em>)<\/li>\n<li>Votre connectivit\u00e9 (<i>home office, smartphone, tablette<\/i>)<\/li>\n<li>Votre affinit\u00e9 avec le domaine (<em>dipl\u00f4me, exp\u00e9rience<\/em>)<\/li>\n<li>Vos coordonn\u00e9es (<em>t\u00e9l\u00e9phone, e-mail<\/em>)<\/li>\n<li>Votre CV\u00a0(<em>au format PDF<\/em>)<\/li>\n<\/ol>\n<p>&nbsp;<\/p>\n<p>Veuillez utiliser le formulaire ci-contre afin de nous faire parvenir votre candidature.<\/p>\n<p>&nbsp;<\/p>\n<p>Si votre CV est retenu, vous serez recontact\u00e9.e end\u00e9ans les 3 jours.<br \/>\nNous ne donnerons pas suite aux candidatures incompl\u00e8tes.<\/p>\n<\/div><\/div><\/div><\/div><div class=\"wpb_column vc_column_container vc_col-sm-6\"><div class=\"vc_column-inner\"><div class=\"wpb_wrapper\">\n<div class=\"wpcf7 no-js\" id=\"wpcf7-f21170-o1\" lang=\"en-US\" dir=\"ltr\" data-wpcf7-id=\"21170\">\n<div class=\"screen-reader-response\"><p role=\"status\" aria-live=\"polite\" aria-atomic=\"true\"><\/p> <ul><\/ul><\/div>\n<form action=\"\/nl\/wp-json\/wp\/v2\/pages\/12923#wpcf7-f21170-o1\" method=\"post\" class=\"wpcf7-form init\" aria-label=\"Contact form\" enctype=\"multipart\/form-data\" novalidate=\"novalidate\" data-status=\"init\" data-trp-original-action=\"\/nl\/wp-json\/wp\/v2\/pages\/12923#wpcf7-f21170-o1\">\n<fieldset class=\"hidden-fields-container\"><input type=\"hidden\" name=\"_wpcf7\" value=\"21170\" \/><input type=\"hidden\" name=\"_wpcf7_version\" value=\"6.1.1\" \/><input type=\"hidden\" name=\"_wpcf7_locale\" value=\"en_US\" \/><input type=\"hidden\" name=\"_wpcf7_unit_tag\" value=\"wpcf7-f21170-o1\" \/><input type=\"hidden\" name=\"_wpcf7_container_post\" value=\"0\" \/><input type=\"hidden\" name=\"_wpcf7_posted_data_hash\" value=\"\" \/><input type=\"hidden\" name=\"_wpcf7_recaptcha_response\" value=\"\" \/>\n<\/fieldset>\n<div class=\"ibid-contact row\">\n\t<div class=\"col-md-6\">\n\t\t<p><label><span class=\"wpcf7-form-control-wrap\" data-name=\"first-name\"><input size=\"40\" maxlength=\"400\" class=\"wpcf7-form-control wpcf7-text wpcf7-validates-as-required\" aria-required=\"true\" aria-invalid=\"false\" placeholder=\"Voornaam\" value=\"\" type=\"text\" name=\"first-name\" \/><\/span><\/label>\n\t\t<\/p>\n\t<\/div>\n\t<div class=\"col-md-6\">\n\t\t<p><label><span class=\"wpcf7-form-control-wrap\" data-name=\"last-name\"><input size=\"40\" maxlength=\"400\" class=\"wpcf7-form-control wpcf7-text wpcf7-validates-as-required\" aria-required=\"true\" aria-invalid=\"false\" placeholder=\"Naam\" value=\"\" type=\"text\" name=\"last-name\" \/><\/span><\/label>\n\t\t<\/p>\n\t<\/div>\n\t<div class=\"col-md-6\">\n\t\t<p><label><span class=\"wpcf7-form-control-wrap\" data-name=\"email\"><input size=\"40\" maxlength=\"400\" class=\"wpcf7-form-control wpcf7-email wpcf7-validates-as-required wpcf7-text wpcf7-validates-as-email\" aria-required=\"true\" aria-invalid=\"false\" placeholder=\"E-mail\" value=\"\" type=\"email\" name=\"email\" \/><\/span><\/label>\n\t\t<\/p>\n\t<\/div>\n\t<div class=\"col-md-6\">\n\t\t<p><label><span class=\"wpcf7-form-control-wrap\" data-name=\"GSM\"><input size=\"40\" maxlength=\"400\" class=\"wpcf7-form-control wpcf7-tel wpcf7-validates-as-required wpcf7-text wpcf7-validates-as-tel\" aria-required=\"true\" aria-invalid=\"false\" placeholder=\"Num\u00e9ro de t\u00e9l\u00e9phone\" value=\"\" type=\"tel\" name=\"GSM\" \/><\/span><\/label>\n\t\t<\/p>\n\t<\/div>\n\t<div class=\"col-md-12\">\n\t\t<p><label><span class=\"wpcf7-form-control-wrap\" data-name=\"textarea-517\"><textarea cols=\"40\" rows=\"10\" maxlength=\"2000\" class=\"wpcf7-form-control wpcf7-textarea wpcf7-validates-as-required\" aria-required=\"true\" aria-invalid=\"false\" placeholder=\"Informations vous concernant\" name=\"textarea-517\"><\/textarea><\/span><\/label>\n\t\t<\/p>\n\t<\/div>\n\t<div class=\"col-md-12\">\n\t\t<p><label><span class=\"wpcf7-form-control-wrap\" data-name=\"CV\"><input size=\"40\" class=\"wpcf7-form-control wpcf7-file wpcf7-validates-as-required\" accept=\".pdf,.jpg,.png,.doc,.docx\" aria-required=\"true\" aria-invalid=\"false\" type=\"file\" name=\"CV\" \/><\/span><\/label>\n\t\t<\/p>\n\t<\/div>\n\t<div class=\"col-md-12\">\n\t\t<p><button type=\"submit\" class=\"wpcf7-form-control wpcf7-submit\">POSTULER<i class=\"fa fa-long-arrow-right\" aria-hidden=\"true\"><\/i><\/button>\n\t\t<\/p>\n\t<\/div>\n<\/div><div class=\"wpcf7-response-output\" aria-hidden=\"true\"><\/div>\n<input type=\"hidden\" name=\"trp-form-language\" value=\"nl\"\/><\/form>\n<\/div>\n<\/div><\/div><\/div><\/div>\n<\/section>","protected":false},"excerpt":{"rendered":"FAITES VISITER LES IMMEUBLES A VENDRE DANS VOTRE REGIONPROFIL DU CANDIDAT ID\u00c9AL Vous \u00eates d\u00e9tenteur d'un Bachelier en droit, en sciences-\u00e9conomiques ou en immobilier. Vous attestez d'une premi\u00e8re exp\u00e9rience au sein d'une \u00e9tude notariale, d'un cabinet d'avocats ou d'une agence immobili\u00e8re. Vous vous exprimez dans un fran\u00e7ais impeccable, tant \u00e0 l'oral qu'\u00e0 l'\u00e9crit. Un niveau [...]","protected":false},"author":1,"featured_media":0,"parent":0,"menu_order":0,"comment_status":"closed","ping_status":"closed","template":"","meta":{"footnotes":""},"class_list":["post-12923","page","type-page","status-publish","hentry"],"yoast_head":"<!-- This site is optimized with the Yoast SEO plugin v25.9 - https:\/\/yoast.com\/wordpress\/plugins\/seo\/ -->\n<title>Rejoignez notre \u00e9quipe | Ad Valoris<\/title>\n<meta name=\"robots\" content=\"index, follow, max-snippet:-1, max-image-preview:large, max-video-preview:-1\" \/>\n<link rel=\"canonical\" href=\"https:\/\/advaloris.be\/nl\/jobs\/\" \/>\n<meta property=\"og:locale\" content=\"nl_NL\" \/>\n<meta property=\"og:type\" content=\"article\" \/>\n<meta property=\"og:title\" content=\"Rejoignez notre \u00e9quipe | Ad Valoris\" \/>\n<meta property=\"og:url\" content=\"https:\/\/advaloris.be\/nl\/jobs\/\" \/>\n<meta property=\"og:site_name\" content=\"Ad Valoris\" \/>\n<meta property=\"article:publisher\" content=\"https:\/\/www.facebook.com\/advaloris\/\" \/>\n<meta property=\"article:modified_time\" content=\"2023-03-31T10:57:08+00:00\" \/>\n<meta property=\"og:image\" content=\"https:\/\/advaloris.be\/wp-content\/uploads\/2022\/08\/REDAdValoris-Logo-Blanc-xxl-copie-300x174.png\" \/>\n<meta name=\"twitter:card\" content=\"summary_large_image\" \/>\n<meta name=\"twitter:label1\" content=\"Geschatte leestijd\" \/>\n\t<meta name=\"twitter:data1\" content=\"2 minuten\" \/>\n<script type=\"application\/ld+json\" class=\"yoast-schema-graph\">{\"@context\":\"https:\/\/schema.org\",\"@graph\":[{\"@type\":\"WebPage\",\"@id\":\"https:\/\/advaloris.be\/jobs\/\",\"url\":\"https:\/\/advaloris.be\/jobs\/\",\"name\":\"Rejoignez notre \u00e9quipe | Ad Valoris\",\"isPartOf\":{\"@id\":\"https:\/\/advaloris.be\/#website\"},\"primaryImageOfPage\":{\"@id\":\"https:\/\/advaloris.be\/jobs\/#primaryimage\"},\"image\":{\"@id\":\"https:\/\/advaloris.be\/jobs\/#primaryimage\"},\"thumbnailUrl\":\"https:\/\/advaloris.be\/wp-content\/uploads\/2022\/08\/REDAdValoris-Logo-Blanc-xxl-copie-300x174.png\",\"datePublished\":\"2020-06-07T16:33:22+00:00\",\"dateModified\":\"2023-03-31T10:57:08+00:00\",\"breadcrumb\":{\"@id\":\"https:\/\/advaloris.be\/jobs\/#breadcrumb\"},\"inLanguage\":\"nl-NL\",\"potentialAction\":[{\"@type\":\"ReadAction\",\"target\":[\"https:\/\/advaloris.be\/jobs\/\"]}]},{\"@type\":\"ImageObject\",\"inLanguage\":\"nl-NL\",\"@id\":\"https:\/\/advaloris.be\/jobs\/#primaryimage\",\"url\":\"https:\/\/advaloris.be\/wp-content\/uploads\/2022\/08\/REDAdValoris-Logo-Blanc-xxl-copie-300x174.png\",\"contentUrl\":\"https:\/\/advaloris.be\/wp-content\/uploads\/2022\/08\/REDAdValoris-Logo-Blanc-xxl-copie-300x174.png\"},{\"@type\":\"BreadcrumbList\",\"@id\":\"https:\/\/advaloris.be\/jobs\/#breadcrumb\",\"itemListElement\":[{\"@type\":\"ListItem\",\"position\":1,\"name\":\"Home\",\"item\":\"https:\/\/advaloris.be\/\"},{\"@type\":\"ListItem\",\"position\":2,\"name\":\"Rejoignez notre \u00e9quipe\"}]},{\"@type\":\"WebSite\",\"@id\":\"https:\/\/advaloris.be\/#website\",\"url\":\"https:\/\/advaloris.be\/\",\"name\":\"Ad Valoris\",\"description\":\"Services Immobiliers Notariaux\",\"publisher\":{\"@id\":\"https:\/\/advaloris.be\/#organization\"},\"potentialAction\":[{\"@type\":\"SearchAction\",\"target\":{\"@type\":\"EntryPoint\",\"urlTemplate\":\"https:\/\/advaloris.be\/?s={search_term_string}\"},\"query-input\":{\"@type\":\"PropertyValueSpecification\",\"valueRequired\":true,\"valueName\":\"search_term_string\"}}],\"inLanguage\":\"nl-NL\"},{\"@type\":\"Organization\",\"@id\":\"https:\/\/advaloris.be\/#organization\",\"name\":\"Ad Valoris\",\"url\":\"https:\/\/advaloris.be\/\",\"logo\":{\"@type\":\"ImageObject\",\"inLanguage\":\"nl-NL\",\"@id\":\"https:\/\/advaloris.be\/#\/schema\/logo\/image\/\",\"url\":\"https:\/\/advaloris.be\/wp-content\/uploads\/2017\/01\/Fond-blanc-Favicon.png\",\"contentUrl\":\"https:\/\/advaloris.be\/wp-content\/uploads\/2017\/01\/Fond-blanc-Favicon.png\",\"width\":486,\"height\":455,\"caption\":\"Ad Valoris\"},\"image\":{\"@id\":\"https:\/\/advaloris.be\/#\/schema\/logo\/image\/\"},\"sameAs\":[\"https:\/\/www.facebook.com\/advaloris\/\",\"https:\/\/www.linkedin.com\/company\/ad-valoris---valorisation-immobili-re\"]}]}<\/script>\n<!-- \/ Yoast SEO plugin. -->","yoast_head_json":{"title":"Rejoignez notre \u00e9quipe | Ad Valoris","robots":{"index":"index","follow":"follow","max-snippet":"max-snippet:-1","max-image-preview":"max-image-preview:large","max-video-preview":"max-video-preview:-1"},"canonical":"https:\/\/advaloris.be\/nl\/jobs\/","og_locale":"nl_NL","og_type":"article","og_title":"Rejoignez notre \u00e9quipe | Ad Valoris","og_url":"https:\/\/advaloris.be\/nl\/jobs\/","og_site_name":"Ad Valoris","article_publisher":"https:\/\/www.facebook.com\/advaloris\/","article_modified_time":"2023-03-31T10:57:08+00:00","og_image":[{"url":"https:\/\/advaloris.be\/wp-content\/uploads\/2022\/08\/REDAdValoris-Logo-Blanc-xxl-copie-300x174.png","type":"","width":"","height":""}],"twitter_card":"summary_large_image","twitter_misc":{"Geschatte leestijd":"2 minuten"},"schema":{"@context":"https:\/\/schema.org","@graph":[{"@type":"WebPage","@id":"https:\/\/advaloris.be\/jobs\/","url":"https:\/\/advaloris.be\/jobs\/","name":"Rejoignez notre \u00e9quipe | Ad Valoris","isPartOf":{"@id":"https:\/\/advaloris.be\/#website"},"primaryImageOfPage":{"@id":"https:\/\/advaloris.be\/jobs\/#primaryimage"},"image":{"@id":"https:\/\/advaloris.be\/jobs\/#primaryimage"},"thumbnailUrl":"https:\/\/advaloris.be\/wp-content\/uploads\/2022\/08\/REDAdValoris-Logo-Blanc-xxl-copie-300x174.png","datePublished":"2020-06-07T16:33:22+00:00","dateModified":"2023-03-31T10:57:08+00:00","breadcrumb":{"@id":"https:\/\/advaloris.be\/jobs\/#breadcrumb"},"inLanguage":"nl-NL","potentialAction":[{"@type":"ReadAction","target":["https:\/\/advaloris.be\/jobs\/"]}]},{"@type":"ImageObject","inLanguage":"nl-NL","@id":"https:\/\/advaloris.be\/jobs\/#primaryimage","url":"https:\/\/advaloris.be\/wp-content\/uploads\/2022\/08\/REDAdValoris-Logo-Blanc-xxl-copie-300x174.png","contentUrl":"https:\/\/advaloris.be\/wp-content\/uploads\/2022\/08\/REDAdValoris-Logo-Blanc-xxl-copie-300x174.png"},{"@type":"BreadcrumbList","@id":"https:\/\/advaloris.be\/jobs\/#breadcrumb","itemListElement":[{"@type":"ListItem","position":1,"name":"Home","item":"https:\/\/advaloris.be\/"},{"@type":"ListItem","position":2,"name":"Rejoignez notre \u00e9quipe"}]},{"@type":"WebSite","@id":"https:\/\/advaloris.be\/#website","url":"https:\/\/advaloris.be\/","name":"Ad Valoris","description":"Services Immobiliers Notariaux","publisher":{"@id":"https:\/\/advaloris.be\/#organization"},"potentialAction":[{"@type":"SearchAction","target":{"@type":"EntryPoint","urlTemplate":"https:\/\/advaloris.be\/?s={search_term_string}"},"query-input":{"@type":"PropertyValueSpecification","valueRequired":true,"valueName":"search_term_string"}}],"inLanguage":"nl-NL"},{"@type":"Organization","@id":"https:\/\/advaloris.be\/#organization","name":"Ad Valoris","url":"https:\/\/advaloris.be\/","logo":{"@type":"ImageObject","inLanguage":"nl-NL","@id":"https:\/\/advaloris.be\/#\/schema\/logo\/image\/","url":"https:\/\/advaloris.be\/wp-content\/uploads\/2017\/01\/Fond-blanc-Favicon.png","contentUrl":"https:\/\/advaloris.be\/wp-content\/uploads\/2017\/01\/Fond-blanc-Favicon.png","width":486,"height":455,"caption":"Ad Valoris"},"image":{"@id":"https:\/\/advaloris.be\/#\/schema\/logo\/image\/"},"sameAs":["https:\/\/www.facebook.com\/advaloris\/","https:\/\/www.linkedin.com\/company\/ad-valoris---valorisation-immobili-re"]}]}},"_links":{"self":[{"href":"https:\/\/advaloris.be\/nl\/wp-json\/wp\/v2\/pages\/12923","targetHints":{"allow":["GET"]}}],"collection":[{"href":"https:\/\/advaloris.be\/nl\/wp-json\/wp\/v2\/pages"}],"about":[{"href":"https:\/\/advaloris.be\/nl\/wp-json\/wp\/v2\/types\/page"}],"author":[{"embeddable":true,"href":"https:\/\/advaloris.be\/nl\/wp-json\/wp\/v2\/users\/1"}],"replies":[{"embeddable":true,"href":"https:\/\/advaloris.be\/nl\/wp-json\/wp\/v2\/comments?post=12923"}],"version-history":[{"count":46,"href":"https:\/\/advaloris.be\/nl\/wp-json\/wp\/v2\/pages\/12923\/revisions"}],"predecessor-version":[{"id":22071,"href":"https:\/\/advaloris.be\/nl\/wp-json\/wp\/v2\/pages\/12923\/revisions\/22071"}],"wp:attachment":[{"href":"https:\/\/advaloris.be\/nl\/wp-json\/wp\/v2\/media?parent=12923"}],"curies":[{"name":"wp","href":"https:\/\/api.w.org\/{rel}","templated":true}]}}